{"id":960,"date":"2020-05-25T05:00:46","date_gmt":"2020-05-25T05:00:46","guid":{"rendered":"https:\/\/spbbeauce.ca\/ressources\/publications\/"},"modified":"2020-11-30T19:01:40","modified_gmt":"2020-11-30T19:01:40","slug":"publications","status":"publish","type":"page","link":"https:\/\/spbbeauce.ca\/en\/publications\/","title":{"rendered":"Publications"},"content":{"rendered":"<div class=\"wpb-content-wrapper\"><p>[vc_row css_animation=&#8221;&#8221; row_type=&#8221;row&#8221; use_row_as_full_screen_section=&#8221;no&#8221; type=&#8221;full_width&#8221; angled_section=&#8221;no&#8221; text_align=&#8221;left&#8221; background_image_as_pattern=&#8221;without_pattern&#8221;][vc_column]<div class=\"qode-workflow  qode-workflow-animate\">\n    <span class=\"main-line\" style=\"\"><\/span>\n    <div class=\"qode-workflow-item\">\n    <span class=\"line\" style=\"\"><\/span>\n    <div class=\"qode-workflow-item-inner reverse\">\n        <div class=\"qode-workflow-image center\">\n            <img loading=\"lazy\" decoding=\"async\" width=\"774\" height=\"1000\" src=\"https:\/\/i0.wp.com\/spbbeauce.ca\/wp-content\/uploads\/2020\/06\/imprevisible-chaudiere.jpg?fit=774%2C1000&amp;ssl=1\" class=\"attachment-full size-full\" alt=\"\" srcset=\"https:\/\/i0.wp.com\/spbbeauce.ca\/wp-content\/uploads\/2020\/06\/imprevisible-chaudiere.jpg?w=774&amp;ssl=1 774w, https:\/\/i0.wp.com\/spbbeauce.ca\/wp-content\/uploads\/2020\/06\/imprevisible-chaudiere.jpg?resize=232%2C300&amp;ssl=1 232w, https:\/\/i0.wp.com\/spbbeauce.ca\/wp-content\/uploads\/2020\/06\/imprevisible-chaudiere.jpg?resize=768%2C992&amp;ssl=1 768w, https:\/\/i0.wp.com\/spbbeauce.ca\/wp-content\/uploads\/2020\/06\/imprevisible-chaudiere.jpg?resize=700%2C904&amp;ssl=1 700w, https:\/\/i0.wp.com\/spbbeauce.ca\/wp-content\/uploads\/2020\/06\/imprevisible-chaudiere.jpg?resize=600%2C775&amp;ssl=1 600w, https:\/\/i0.wp.com\/spbbeauce.ca\/wp-content\/uploads\/2020\/06\/imprevisible-chaudiere.jpg?resize=300%2C388&amp;ssl=1 300w\" sizes=\"auto, (max-width: 774px) 100vw, 774px\" \/>        <\/div>\n        <div class=\"qode-workflow-text\">\n            <span class=\"circle\" style=\"\"><\/span>\n                            <h3>L&#039;Impr\u00e9visible Chaudi\u00e8re<\/h3>\n                                        <h6 class=\"qode-workflow-subtitle\">Soci\u00e9t\u00e9 du patrimoine des Beaucerons, 1991<\/h6>\n                                        <p class=\"text\">A collection of photographs and testimonials on major floods of the Chaudi\u00e8re River throughout history.<\/p>\n                    <\/div>\n    <\/div>\n<\/div><div class=\"qode-workflow-item\">\n    <span class=\"line\" style=\"\"><\/span>\n    <div class=\"qode-workflow-item-inner \">\n        <div class=\"qode-workflow-image center\">\n            <img loading=\"lazy\" decoding=\"async\" width=\"770\" height=\"1001\" src=\"https:\/\/i0.wp.com\/spbbeauce.ca\/wp-content\/uploads\/2020\/05\/Beauce-et-Beauceron-recto.jpg?fit=770%2C1001&amp;ssl=1\" class=\"attachment-full size-full\" alt=\"\" srcset=\"https:\/\/i0.wp.com\/spbbeauce.ca\/wp-content\/uploads\/2020\/05\/Beauce-et-Beauceron-recto.jpg?w=770&amp;ssl=1 770w, https:\/\/i0.wp.com\/spbbeauce.ca\/wp-content\/uploads\/2020\/05\/Beauce-et-Beauceron-recto.jpg?resize=231%2C300&amp;ssl=1 231w, https:\/\/i0.wp.com\/spbbeauce.ca\/wp-content\/uploads\/2020\/05\/Beauce-et-Beauceron-recto.jpg?resize=768%2C998&amp;ssl=1 768w, https:\/\/i0.wp.com\/spbbeauce.ca\/wp-content\/uploads\/2020\/05\/Beauce-et-Beauceron-recto.jpg?resize=700%2C910&amp;ssl=1 700w, https:\/\/i0.wp.com\/spbbeauce.ca\/wp-content\/uploads\/2020\/05\/Beauce-et-Beauceron-recto.jpg?resize=600%2C780&amp;ssl=1 600w, https:\/\/i0.wp.com\/spbbeauce.ca\/wp-content\/uploads\/2020\/05\/Beauce-et-Beauceron-recto.jpg?resize=300%2C390&amp;ssl=1 300w\" sizes=\"auto, (max-width: 770px) 100vw, 770px\" \/>        <\/div>\n        <div class=\"qode-workflow-text\">\n            <span class=\"circle\" style=\"\"><\/span>\n                            <h3>La Beauce et les Beaucerons, portraits d&#039;une r\u00e9gion 1737-1987<\/h3>\n                                        <h6 class=\"qode-workflow-subtitle\">Soci\u00e9t\u00e9 du patrimoine des Beaucerons, 1990<\/h6>\n                                        <p class=\"text\">Published in collaboration with the Corporation du 250e anniversaire de la Beauce, this regional monograph traces key moments of the history of our region.<\/p>\n                    <\/div>\n    <\/div>\n<\/div><div class=\"qode-workflow-item\">\n    <span class=\"line\" style=\"\"><\/span>\n    <div class=\"qode-workflow-item-inner reverse\">\n        <div class=\"qode-workflow-image center\">\n            <img loading=\"lazy\" decoding=\"async\" width=\"776\" height=\"1000\" src=\"https:\/\/i0.wp.com\/spbbeauce.ca\/wp-content\/uploads\/2020\/06\/ensemble-institutionnel.jpg?fit=776%2C1000&amp;ssl=1\" class=\"attachment-full size-full\" alt=\"\" srcset=\"https:\/\/i0.wp.com\/spbbeauce.ca\/wp-content\/uploads\/2020\/06\/ensemble-institutionnel.jpg?w=776&amp;ssl=1 776w, https:\/\/i0.wp.com\/spbbeauce.ca\/wp-content\/uploads\/2020\/06\/ensemble-institutionnel.jpg?resize=233%2C300&amp;ssl=1 233w, https:\/\/i0.wp.com\/spbbeauce.ca\/wp-content\/uploads\/2020\/06\/ensemble-institutionnel.jpg?resize=768%2C990&amp;ssl=1 768w, https:\/\/i0.wp.com\/spbbeauce.ca\/wp-content\/uploads\/2020\/06\/ensemble-institutionnel.jpg?resize=700%2C902&amp;ssl=1 700w, https:\/\/i0.wp.com\/spbbeauce.ca\/wp-content\/uploads\/2020\/06\/ensemble-institutionnel.jpg?resize=600%2C773&amp;ssl=1 600w, https:\/\/i0.wp.com\/spbbeauce.ca\/wp-content\/uploads\/2020\/06\/ensemble-institutionnel.jpg?resize=300%2C387&amp;ssl=1 300w\" sizes=\"auto, (max-width: 776px) 100vw, 776px\" \/>        <\/div>\n        <div class=\"qode-workflow-text\">\n            <span class=\"circle\" style=\"\"><\/span>\n                            <h3>L&#039;Ensemble institutionnel et le Palais de justice de Saint-Joseph-de-Beauce<\/h3>\n                                        <h6 class=\"qode-workflow-subtitle\">by Daniel Carrier, previous Soci\u00e9t\u00e9 du patrimoine des Beaucerons director and art historian, 2006<\/h6>\n                                        <p class=\"text\">A book on the architecture and history of the buildings that are part of the Institutional Ensemble, as well as the courthouse located in Saint-Joseph-de-Beauce.<\/p>\n                    <\/div>\n    <\/div>\n<\/div><div class=\"qode-workflow-item\">\n    <span class=\"line\" style=\"\"><\/span>\n    <div class=\"qode-workflow-item-inner \">\n        <div class=\"qode-workflow-image center\">\n            <img loading=\"lazy\" decoding=\"async\" width=\"766\" height=\"1000\" src=\"https:\/\/i0.wp.com\/spbbeauce.ca\/wp-content\/uploads\/2020\/06\/tresors-religieux-beauce.jpg?fit=766%2C1000&amp;ssl=1\" class=\"attachment-full size-full\" alt=\"\" srcset=\"https:\/\/i0.wp.com\/spbbeauce.ca\/wp-content\/uploads\/2020\/06\/tresors-religieux-beauce.jpg?w=766&amp;ssl=1 766w, https:\/\/i0.wp.com\/spbbeauce.ca\/wp-content\/uploads\/2020\/06\/tresors-religieux-beauce.jpg?resize=230%2C300&amp;ssl=1 230w, https:\/\/i0.wp.com\/spbbeauce.ca\/wp-content\/uploads\/2020\/06\/tresors-religieux-beauce.jpg?resize=700%2C914&amp;ssl=1 700w, https:\/\/i0.wp.com\/spbbeauce.ca\/wp-content\/uploads\/2020\/06\/tresors-religieux-beauce.jpg?resize=600%2C783&amp;ssl=1 600w, https:\/\/i0.wp.com\/spbbeauce.ca\/wp-content\/uploads\/2020\/06\/tresors-religieux-beauce.jpg?resize=300%2C392&amp;ssl=1 300w\" sizes=\"auto, (max-width: 766px) 100vw, 766px\" \/>        <\/div>\n        <div class=\"qode-workflow-text\">\n            <span class=\"circle\" style=\"\"><\/span>\n                            <h3>Tr\u00e9sors religieux de la Beauce<\/h3>\n                                        <h6 class=\"qode-workflow-subtitle\">Soci\u00e9t\u00e9 du patrimoine des Beaucerons, 2003<\/h6>\n                                        <p class=\"text\">A brochure showcasing different elements of the Beauce religious heritage.<\/p>\n                    <\/div>\n    <\/div>\n<\/div><div class=\"qode-workflow-item\">\n    <span class=\"line\" style=\"\"><\/span>\n    <div class=\"qode-workflow-item-inner reverse\">\n        <div class=\"qode-workflow-image center\">\n            <img loading=\"lazy\" decoding=\"async\" width=\"765\" height=\"1000\" src=\"https:\/\/i0.wp.com\/spbbeauce.ca\/wp-content\/uploads\/2020\/06\/repertoire-tome-1.jpg?fit=765%2C1000&amp;ssl=1\" class=\"attachment-full size-full\" alt=\"\" srcset=\"https:\/\/i0.wp.com\/spbbeauce.ca\/wp-content\/uploads\/2020\/06\/repertoire-tome-1.jpg?w=765&amp;ssl=1 765w, https:\/\/i0.wp.com\/spbbeauce.ca\/wp-content\/uploads\/2020\/06\/repertoire-tome-1.jpg?resize=230%2C300&amp;ssl=1 230w, https:\/\/i0.wp.com\/spbbeauce.ca\/wp-content\/uploads\/2020\/06\/repertoire-tome-1.jpg?resize=700%2C915&amp;ssl=1 700w, https:\/\/i0.wp.com\/spbbeauce.ca\/wp-content\/uploads\/2020\/06\/repertoire-tome-1.jpg?resize=600%2C784&amp;ssl=1 600w, https:\/\/i0.wp.com\/spbbeauce.ca\/wp-content\/uploads\/2020\/06\/repertoire-tome-1.jpg?resize=300%2C392&amp;ssl=1 300w\" sizes=\"auto, (max-width: 765px) 100vw, 765px\" \/>        <\/div>\n        <div class=\"qode-workflow-text\">\n            <span class=\"circle\" style=\"\"><\/span>\n                            <h3>Le R\u00e9pertoire des bapt\u00eames, mariages, s\u00e9pultures et Annotations marginales et R\u00e9pertoire des pionniers de la Paroisse Saint-Joseph-de-la-Nouvelle-Beauce 1737-2005 : Tome 1<\/h3>\n                                        <h6 class=\"qode-workflow-subtitle\">directed by M. Marcel Cliche, Soci\u00e9t\u00e9 du patrimoine des Beaucerons, 2007<\/h6>\n                                <\/div>\n    <\/div>\n<\/div><div class=\"qode-workflow-item\">\n    <span class=\"line\" style=\"\"><\/span>\n    <div class=\"qode-workflow-item-inner \">\n        <div class=\"qode-workflow-image center\">\n            <img loading=\"lazy\" decoding=\"async\" width=\"768\" height=\"1000\" src=\"https:\/\/i0.wp.com\/spbbeauce.ca\/wp-content\/uploads\/2020\/06\/repertoire-tome-2.jpg?fit=768%2C1000&amp;ssl=1\" class=\"attachment-full size-full\" alt=\"\" srcset=\"https:\/\/i0.wp.com\/spbbeauce.ca\/wp-content\/uploads\/2020\/06\/repertoire-tome-2.jpg?w=768&amp;ssl=1 768w, https:\/\/i0.wp.com\/spbbeauce.ca\/wp-content\/uploads\/2020\/06\/repertoire-tome-2.jpg?resize=230%2C300&amp;ssl=1 230w, https:\/\/i0.wp.com\/spbbeauce.ca\/wp-content\/uploads\/2020\/06\/repertoire-tome-2.jpg?resize=700%2C911&amp;ssl=1 700w, https:\/\/i0.wp.com\/spbbeauce.ca\/wp-content\/uploads\/2020\/06\/repertoire-tome-2.jpg?resize=600%2C781&amp;ssl=1 600w, https:\/\/i0.wp.com\/spbbeauce.ca\/wp-content\/uploads\/2020\/06\/repertoire-tome-2.jpg?resize=300%2C391&amp;ssl=1 300w\" sizes=\"auto, (max-width: 768px) 100vw, 768px\" \/>        <\/div>\n        <div class=\"qode-workflow-text\">\n            <span class=\"circle\" style=\"\"><\/span>\n                            <h3>Le R\u00e9pertoire des bapt\u00eames, mariages, s\u00e9pultures et Annotations marginales et R\u00e9pertoire des pionniers de la Paroisse Saint-Joseph-de-la-Nouvelle-Beauce 1737-2005 : Tome 2<\/h3>\n                                        <h6 class=\"qode-workflow-subtitle\">directed by M. Marcel Cliche, Soci\u00e9t\u00e9 du patrimoine des Beaucerons, 2007<\/h6>\n                                <\/div>\n    <\/div>\n<\/div><\/div>[\/vc_column][\/vc_row][vc_row css_animation=&#8221;&#8221; row_type=&#8221;row&#8221; use_row_as_full_screen_section=&#8221;no&#8221; type=&#8221;full_width&#8221; angled_section=&#8221;no&#8221; text_align=&#8221;left&#8221; background_image_as_pattern=&#8221;without_pattern&#8221;][vc_column width=&#8221;1\/2&#8243;][vc_column_text]<\/p>\n<h3>To purchase those books<\/h3>\n<p>[\/vc_column_text][vc_empty_space]<a  itemprop=\"url\" href=\"https:\/\/spbbeauce.ca\/boutique\/\" target=\"_self\"  class=\"qbutton  medium center default\" style=\"\">Visit our online boutique<\/a>[vc_empty_space][\/vc_column][vc_column width=&#8221;1\/2&#8243;][vc_empty_space][vc_empty_space][\/vc_column][\/vc_row]<\/p>\n<\/div>","protected":false},"excerpt":{"rendered":"<p>[vc_row css_animation=&#8221;&#8221; row_type=&#8221;row&#8221; use_row_as_full_screen_section=&#8221;no&#8221; type=&#8221;full_width&#8221; angled_section=&#8221;no&#8221; text_align=&#8221;left&#8221; background_image_as_pattern=&#8221;without_pattern&#8221;][vc_column][\/vc_column][\/vc_row][vc_row css_animation=&#8221;&#8221; row_type=&#8221;row&#8221; use_row_as_full_screen_section=&#8221;no&#8221; type=&#8221;full_width&#8221; angled_section=&#8221;no&#8221; text_align=&#8221;left&#8221; background_image_as_pattern=&#8221;without_pattern&#8221;][vc_column width=&#8221;1\/2&#8243;][vc_column_text] To purchase those books [\/vc_column_text][vc_empty_space][vc_empty_space][\/vc_column][vc_column width=&#8221;1\/2&#8243;][vc_empty_space][vc_empty_space][\/vc_column][\/vc_row]<\/p>\n","protected":false},"author":1,"featured_media":0,"parent":0,"menu_order":2,"comment_status":"closed","ping_status":"closed","template":"","meta":{"footnotes":""},"class_list":["post-960","page","type-page","status-publish","hentry"],"yoast_head":"<!-- This site is optimized with the Yoast SEO plugin v27.4 - https:\/\/yoast.com\/product\/yoast-seo-wordpress\/ -->\n<title>Publications - Soci\u00e9t\u00e9 du patrimoine des Beaucerons<\/title>\n<meta name=\"robots\" content=\"index, follow, max-snippet:-1, max-image-preview:large, max-video-preview:-1\" \/>\n<link rel=\"canonical\" href=\"https:\/\/spbbeauce.ca\/en\/publications\/\" \/>\n<meta property=\"og:locale\" content=\"en_US\" \/>\n<meta property=\"og:type\" content=\"article\" \/>\n<meta property=\"og:title\" content=\"Publications - Soci\u00e9t\u00e9 du patrimoine des Beaucerons\" \/>\n<meta property=\"og:description\" content=\"[vc_row css_animation=&#8221;&#8221; row_type=&#8221;row&#8221; use_row_as_full_screen_section=&#8221;no&#8221; type=&#8221;full_width&#8221; angled_section=&#8221;no&#8221; text_align=&#8221;left&#8221; background_image_as_pattern=&#8221;without_pattern&#8221;][vc_column][\/vc_column][\/vc_row][vc_row css_animation=&#8221;&#8221; row_type=&#8221;row&#8221; use_row_as_full_screen_section=&#8221;no&#8221; type=&#8221;full_width&#8221; angled_section=&#8221;no&#8221; text_align=&#8221;left&#8221; background_image_as_pattern=&#8221;without_pattern&#8221;][vc_column width=&#8221;1\/2&#8243;][vc_column_text] To purchase those books [\/vc_column_text][vc_empty_space][vc_empty_space][\/vc_column][vc_column width=&#8221;1\/2&#8243;][vc_empty_space][vc_empty_space][\/vc_column][\/vc_row]\" \/>\n<meta property=\"og:url\" content=\"https:\/\/spbbeauce.ca\/en\/publications\/\" \/>\n<meta property=\"og:site_name\" content=\"Soci\u00e9t\u00e9 du patrimoine des Beaucerons\" \/>\n<meta property=\"article:modified_time\" content=\"2020-11-30T19:01:40+00:00\" \/>\n<meta name=\"twitter:card\" content=\"summary_large_image\" \/>\n<meta name=\"twitter:label1\" content=\"Est. reading time\" \/>\n\t<meta name=\"twitter:data1\" content=\"2 minutes\" \/>\n<script type=\"application\/ld+json\" class=\"yoast-schema-graph\">{\"@context\":\"https:\\\/\\\/schema.org\",\"@graph\":[{\"@type\":\"WebPage\",\"@id\":\"https:\\\/\\\/spbbeauce.ca\\\/en\\\/publications\\\/\",\"url\":\"https:\\\/\\\/spbbeauce.ca\\\/en\\\/publications\\\/\",\"name\":\"Publications - Soci\u00e9t\u00e9 du patrimoine des Beaucerons\",\"isPartOf\":{\"@id\":\"https:\\\/\\\/spbbeauce.ca\\\/en\\\/#website\"},\"datePublished\":\"2020-05-25T05:00:46+00:00\",\"dateModified\":\"2020-11-30T19:01:40+00:00\",\"breadcrumb\":{\"@id\":\"https:\\\/\\\/spbbeauce.ca\\\/en\\\/publications\\\/#breadcrumb\"},\"inLanguage\":\"en-US\",\"potentialAction\":[{\"@type\":\"ReadAction\",\"target\":[\"https:\\\/\\\/spbbeauce.ca\\\/en\\\/publications\\\/\"]}]},{\"@type\":\"BreadcrumbList\",\"@id\":\"https:\\\/\\\/spbbeauce.ca\\\/en\\\/publications\\\/#breadcrumb\",\"itemListElement\":[{\"@type\":\"ListItem\",\"position\":1,\"name\":\"Accueil\",\"item\":\"https:\\\/\\\/spbbeauce.ca\\\/en\\\/\"},{\"@type\":\"ListItem\",\"position\":2,\"name\":\"Publications\"}]},{\"@type\":\"WebSite\",\"@id\":\"https:\\\/\\\/spbbeauce.ca\\\/en\\\/#website\",\"url\":\"https:\\\/\\\/spbbeauce.ca\\\/en\\\/\",\"name\":\"Soci\u00e9t\u00e9 du patrimoine des Beaucerons\",\"description\":\"\",\"potentialAction\":[{\"@type\":\"SearchAction\",\"target\":{\"@type\":\"EntryPoint\",\"urlTemplate\":\"https:\\\/\\\/spbbeauce.ca\\\/en\\\/?s={search_term_string}\"},\"query-input\":{\"@type\":\"PropertyValueSpecification\",\"valueRequired\":true,\"valueName\":\"search_term_string\"}}],\"inLanguage\":\"en-US\"}]}<\/script>\n<!-- \/ Yoast SEO plugin. -->","yoast_head_json":{"title":"Publications - Soci\u00e9t\u00e9 du patrimoine des Beaucerons","robots":{"index":"index","follow":"follow","max-snippet":"max-snippet:-1","max-image-preview":"max-image-preview:large","max-video-preview":"max-video-preview:-1"},"canonical":"https:\/\/spbbeauce.ca\/en\/publications\/","og_locale":"en_US","og_type":"article","og_title":"Publications - Soci\u00e9t\u00e9 du patrimoine des Beaucerons","og_description":"[vc_row css_animation=&#8221;&#8221; row_type=&#8221;row&#8221; use_row_as_full_screen_section=&#8221;no&#8221; type=&#8221;full_width&#8221; angled_section=&#8221;no&#8221; text_align=&#8221;left&#8221; background_image_as_pattern=&#8221;without_pattern&#8221;][vc_column][\/vc_column][\/vc_row][vc_row css_animation=&#8221;&#8221; row_type=&#8221;row&#8221; use_row_as_full_screen_section=&#8221;no&#8221; type=&#8221;full_width&#8221; angled_section=&#8221;no&#8221; text_align=&#8221;left&#8221; background_image_as_pattern=&#8221;without_pattern&#8221;][vc_column width=&#8221;1\/2&#8243;][vc_column_text] To purchase those books [\/vc_column_text][vc_empty_space][vc_empty_space][\/vc_column][vc_column width=&#8221;1\/2&#8243;][vc_empty_space][vc_empty_space][\/vc_column][\/vc_row]","og_url":"https:\/\/spbbeauce.ca\/en\/publications\/","og_site_name":"Soci\u00e9t\u00e9 du patrimoine des Beaucerons","article_modified_time":"2020-11-30T19:01:40+00:00","twitter_card":"summary_large_image","twitter_misc":{"Est. reading time":"2 minutes"},"schema":{"@context":"https:\/\/schema.org","@graph":[{"@type":"WebPage","@id":"https:\/\/spbbeauce.ca\/en\/publications\/","url":"https:\/\/spbbeauce.ca\/en\/publications\/","name":"Publications - Soci\u00e9t\u00e9 du patrimoine des Beaucerons","isPartOf":{"@id":"https:\/\/spbbeauce.ca\/en\/#website"},"datePublished":"2020-05-25T05:00:46+00:00","dateModified":"2020-11-30T19:01:40+00:00","breadcrumb":{"@id":"https:\/\/spbbeauce.ca\/en\/publications\/#breadcrumb"},"inLanguage":"en-US","potentialAction":[{"@type":"ReadAction","target":["https:\/\/spbbeauce.ca\/en\/publications\/"]}]},{"@type":"BreadcrumbList","@id":"https:\/\/spbbeauce.ca\/en\/publications\/#breadcrumb","itemListElement":[{"@type":"ListItem","position":1,"name":"Accueil","item":"https:\/\/spbbeauce.ca\/en\/"},{"@type":"ListItem","position":2,"name":"Publications"}]},{"@type":"WebSite","@id":"https:\/\/spbbeauce.ca\/en\/#website","url":"https:\/\/spbbeauce.ca\/en\/","name":"Soci\u00e9t\u00e9 du patrimoine des Beaucerons","description":"","potentialAction":[{"@type":"SearchAction","target":{"@type":"EntryPoint","urlTemplate":"https:\/\/spbbeauce.ca\/en\/?s={search_term_string}"},"query-input":{"@type":"PropertyValueSpecification","valueRequired":true,"valueName":"search_term_string"}}],"inLanguage":"en-US"}]}},"jetpack_sharing_enabled":true,"_links":{"self":[{"href":"https:\/\/spbbeauce.ca\/en\/wp-json\/wp\/v2\/pages\/960","targetHints":{"allow":["GET"]}}],"collection":[{"href":"https:\/\/spbbeauce.ca\/en\/wp-json\/wp\/v2\/pages"}],"about":[{"href":"https:\/\/spbbeauce.ca\/en\/wp-json\/wp\/v2\/types\/page"}],"author":[{"embeddable":true,"href":"https:\/\/spbbeauce.ca\/en\/wp-json\/wp\/v2\/users\/1"}],"replies":[{"embeddable":true,"href":"https:\/\/spbbeauce.ca\/en\/wp-json\/wp\/v2\/comments?post=960"}],"version-history":[{"count":5,"href":"https:\/\/spbbeauce.ca\/en\/wp-json\/wp\/v2\/pages\/960\/revisions"}],"predecessor-version":[{"id":1315,"href":"https:\/\/spbbeauce.ca\/en\/wp-json\/wp\/v2\/pages\/960\/revisions\/1315"}],"wp:attachment":[{"href":"https:\/\/spbbeauce.ca\/en\/wp-json\/wp\/v2\/media?parent=960"}],"curies":[{"name":"wp","href":"https:\/\/api.w.org\/{rel}","templated":true}]}}