{"id":957,"date":"2020-05-25T05:00:03","date_gmt":"2020-05-25T05:00:03","guid":{"rendered":"https:\/\/spbbeauce.ca\/ressources\/genealogie\/"},"modified":"2020-11-30T19:20:25","modified_gmt":"2020-11-30T19:20:25","slug":"genealogy","status":"publish","type":"page","link":"https:\/\/spbbeauce.ca\/en\/genealogy\/","title":{"rendered":"Genealogy"},"content":{"rendered":"<div class=\"wpb-content-wrapper\"><p>[vc_row css_animation=&#8221;&#8221; row_type=&#8221;row&#8221; use_row_as_full_screen_section=&#8221;no&#8221; type=&#8221;grid&#8221; angled_section=&#8221;no&#8221; text_align=&#8221;left&#8221; background_image_as_pattern=&#8221;without_pattern&#8221; z_index=&#8221;&#8221;][vc_column][vc_row_inner row_type=&#8221;row&#8221; type=&#8221;full_width&#8221; text_align=&#8221;left&#8221; css_animation=&#8221;&#8221;][vc_column_inner width=&#8221;1\/2&#8243;][vc_column_text]<\/p>\n<p style=\"text-align: justify;\">The Soci\u00e9t\u00e9 du patrimoine des Beaucerons owns an extensive collection of geneological books that can be consulted during our opening hours :<\/p>\n<p>[\/vc_column_text][vc_empty_space]<div class=\"q_icon_list\"><i class=\"qode_icon_font_awesome fa fa-bookmark qode-ili-icon-holder transparent\" style=\"color: #1a381c;\" ><\/i><p style=\"\">Family history books<\/p><\/div><div class=\"q_icon_list\"><i class=\"qode_icon_font_awesome fa fa-bookmark qode-ili-icon-holder transparent\" style=\"color: #1a381c;\" ><\/i><p style=\"\">R\u00e9pertoires de bapt\u00eames, mariages et s\u00e9pultures de la Beauce<\/p><\/div><div class=\"q_icon_list\"><i class=\"qode_icon_font_awesome fa fa-bookmark qode-ili-icon-holder transparent\" style=\"color: #1a381c;\" ><\/i><p style=\"\">Cadastral documentation<\/p><\/div><div class=\"q_icon_list\"><i class=\"qode_icon_font_awesome fa fa-bookmark qode-ili-icon-holder transparent\" style=\"color: #1a381c;\" ><\/i><p style=\"\">Funeral cards<\/p><\/div><div class=\"q_icon_list\"><i class=\"qode_icon_font_awesome fa fa-bookmark qode-ili-icon-holder transparent\" style=\"color: #1a381c;\" ><\/i><p style=\"\">Genealogy magazines<\/p><\/div>[\/vc_column_inner][vc_column_inner width=&#8221;1\/2&#8243;][vc_single_image image=&#8221;427&#8243; img_size=&#8221;full&#8221; qode_css_animation=&#8221;&#8221;][\/vc_column_inner][\/vc_row_inner][\/vc_column][\/vc_row][vc_row css_animation=&#8221;&#8221; row_type=&#8221;row&#8221; use_row_as_full_screen_section=&#8221;no&#8221; type=&#8221;full_width&#8221; angled_section=&#8221;no&#8221; text_align=&#8221;left&#8221; background_image_as_pattern=&#8221;without_pattern&#8221;][vc_column][vc_empty_space height=&#8221;62px&#8221;][\/vc_column][\/vc_row]<\/p>\n<\/div>","protected":false},"excerpt":{"rendered":"<p>[vc_row css_animation=&#8221;&#8221; row_type=&#8221;row&#8221; use_row_as_full_screen_section=&#8221;no&#8221; type=&#8221;grid&#8221; angled_section=&#8221;no&#8221; text_align=&#8221;left&#8221; background_image_as_pattern=&#8221;without_pattern&#8221; z_index=&#8221;&#8221;][vc_column][vc_row_inner row_type=&#8221;row&#8221; type=&#8221;full_width&#8221; text_align=&#8221;left&#8221; css_animation=&#8221;&#8221;][vc_column_inner width=&#8221;1\/2&#8243;][vc_column_text] The Soci\u00e9t\u00e9 du patrimoine des Beaucerons owns an extensive collection of geneological books that can be consulted during our opening hours : [\/vc_column_text][vc_empty_space][\/vc_column_inner][vc_column_inner width=&#8221;1\/2&#8243;][vc_single_image image=&#8221;427&#8243; img_size=&#8221;full&#8221; qode_css_animation=&#8221;&#8221;][\/vc_column_inner][\/vc_row_inner][\/vc_column][\/vc_row][vc_row css_animation=&#8221;&#8221; row_type=&#8221;row&#8221; use_row_as_full_screen_section=&#8221;no&#8221; type=&#8221;full_width&#8221;&#8230;<\/p>\n","protected":false},"author":1,"featured_media":0,"parent":0,"menu_order":1,"comment_status":"closed","ping_status":"closed","template":"","meta":{"footnotes":""},"class_list":["post-957","page","type-page","status-publish","hentry"],"yoast_head":"<!-- This site is optimized with the Yoast SEO plugin v27.5 - https:\/\/yoast.com\/product\/yoast-seo-wordpress\/ -->\n<title>Genealogy - Soci\u00e9t\u00e9 du patrimoine des Beaucerons<\/title>\n<meta name=\"robots\" content=\"index, follow, max-snippet:-1, max-image-preview:large, max-video-preview:-1\" \/>\n<link rel=\"canonical\" href=\"https:\/\/spbbeauce.ca\/en\/genealogy\/\" \/>\n<meta property=\"og:locale\" content=\"en_US\" \/>\n<meta property=\"og:type\" content=\"article\" \/>\n<meta property=\"og:title\" content=\"Genealogy - Soci\u00e9t\u00e9 du patrimoine des Beaucerons\" \/>\n<meta property=\"og:description\" content=\"[vc_row css_animation=&#8221;&#8221; row_type=&#8221;row&#8221; use_row_as_full_screen_section=&#8221;no&#8221; type=&#8221;grid&#8221; angled_section=&#8221;no&#8221; text_align=&#8221;left&#8221; background_image_as_pattern=&#8221;without_pattern&#8221; z_index=&#8221;&#8221;][vc_column][vc_row_inner row_type=&#8221;row&#8221; type=&#8221;full_width&#8221; text_align=&#8221;left&#8221; css_animation=&#8221;&#8221;][vc_column_inner width=&#8221;1\/2&#8243;][vc_column_text] The Soci\u00e9t\u00e9 du patrimoine des Beaucerons owns an extensive collection of geneological books that can be consulted during our opening hours : [\/vc_column_text][vc_empty_space][\/vc_column_inner][vc_column_inner width=&#8221;1\/2&#8243;][vc_single_image image=&#8221;427&#8243; img_size=&#8221;full&#8221; qode_css_animation=&#8221;&#8221;][\/vc_column_inner][\/vc_row_inner][\/vc_column][\/vc_row][vc_row css_animation=&#8221;&#8221; row_type=&#8221;row&#8221; use_row_as_full_screen_section=&#8221;no&#8221; type=&#8221;full_width&#8221;...\" \/>\n<meta property=\"og:url\" content=\"https:\/\/spbbeauce.ca\/en\/genealogy\/\" \/>\n<meta property=\"og:site_name\" content=\"Soci\u00e9t\u00e9 du patrimoine des Beaucerons\" \/>\n<meta property=\"article:modified_time\" content=\"2020-11-30T19:20:25+00:00\" \/>\n<meta name=\"twitter:card\" content=\"summary_large_image\" \/>\n<meta name=\"twitter:label1\" content=\"Est. reading time\" \/>\n\t<meta name=\"twitter:data1\" content=\"1 minute\" \/>\n<script type=\"application\/ld+json\" class=\"yoast-schema-graph\">{\"@context\":\"https:\\\/\\\/schema.org\",\"@graph\":[{\"@type\":\"WebPage\",\"@id\":\"https:\\\/\\\/spbbeauce.ca\\\/en\\\/genealogy\\\/\",\"url\":\"https:\\\/\\\/spbbeauce.ca\\\/en\\\/genealogy\\\/\",\"name\":\"Genealogy - Soci\u00e9t\u00e9 du patrimoine des Beaucerons\",\"isPartOf\":{\"@id\":\"https:\\\/\\\/spbbeauce.ca\\\/en\\\/#website\"},\"datePublished\":\"2020-05-25T05:00:03+00:00\",\"dateModified\":\"2020-11-30T19:20:25+00:00\",\"breadcrumb\":{\"@id\":\"https:\\\/\\\/spbbeauce.ca\\\/en\\\/genealogy\\\/#breadcrumb\"},\"inLanguage\":\"en-US\",\"potentialAction\":[{\"@type\":\"ReadAction\",\"target\":[\"https:\\\/\\\/spbbeauce.ca\\\/en\\\/genealogy\\\/\"]}]},{\"@type\":\"BreadcrumbList\",\"@id\":\"https:\\\/\\\/spbbeauce.ca\\\/en\\\/genealogy\\\/#breadcrumb\",\"itemListElement\":[{\"@type\":\"ListItem\",\"position\":1,\"name\":\"Accueil\",\"item\":\"https:\\\/\\\/spbbeauce.ca\\\/en\\\/\"},{\"@type\":\"ListItem\",\"position\":2,\"name\":\"Genealogy\"}]},{\"@type\":\"WebSite\",\"@id\":\"https:\\\/\\\/spbbeauce.ca\\\/en\\\/#website\",\"url\":\"https:\\\/\\\/spbbeauce.ca\\\/en\\\/\",\"name\":\"Soci\u00e9t\u00e9 du patrimoine des Beaucerons\",\"description\":\"\",\"potentialAction\":[{\"@type\":\"SearchAction\",\"target\":{\"@type\":\"EntryPoint\",\"urlTemplate\":\"https:\\\/\\\/spbbeauce.ca\\\/en\\\/?s={search_term_string}\"},\"query-input\":{\"@type\":\"PropertyValueSpecification\",\"valueRequired\":true,\"valueName\":\"search_term_string\"}}],\"inLanguage\":\"en-US\"}]}<\/script>\n<!-- \/ Yoast SEO plugin. -->","yoast_head_json":{"title":"Genealogy - Soci\u00e9t\u00e9 du patrimoine des Beaucerons","robots":{"index":"index","follow":"follow","max-snippet":"max-snippet:-1","max-image-preview":"max-image-preview:large","max-video-preview":"max-video-preview:-1"},"canonical":"https:\/\/spbbeauce.ca\/en\/genealogy\/","og_locale":"en_US","og_type":"article","og_title":"Genealogy - Soci\u00e9t\u00e9 du patrimoine des Beaucerons","og_description":"[vc_row css_animation=&#8221;&#8221; row_type=&#8221;row&#8221; use_row_as_full_screen_section=&#8221;no&#8221; type=&#8221;grid&#8221; angled_section=&#8221;no&#8221; text_align=&#8221;left&#8221; background_image_as_pattern=&#8221;without_pattern&#8221; z_index=&#8221;&#8221;][vc_column][vc_row_inner row_type=&#8221;row&#8221; type=&#8221;full_width&#8221; text_align=&#8221;left&#8221; css_animation=&#8221;&#8221;][vc_column_inner width=&#8221;1\/2&#8243;][vc_column_text] The Soci\u00e9t\u00e9 du patrimoine des Beaucerons owns an extensive collection of geneological books that can be consulted during our opening hours : [\/vc_column_text][vc_empty_space][\/vc_column_inner][vc_column_inner width=&#8221;1\/2&#8243;][vc_single_image image=&#8221;427&#8243; img_size=&#8221;full&#8221; qode_css_animation=&#8221;&#8221;][\/vc_column_inner][\/vc_row_inner][\/vc_column][\/vc_row][vc_row css_animation=&#8221;&#8221; row_type=&#8221;row&#8221; use_row_as_full_screen_section=&#8221;no&#8221; type=&#8221;full_width&#8221;...","og_url":"https:\/\/spbbeauce.ca\/en\/genealogy\/","og_site_name":"Soci\u00e9t\u00e9 du patrimoine des Beaucerons","article_modified_time":"2020-11-30T19:20:25+00:00","twitter_card":"summary_large_image","twitter_misc":{"Est. reading time":"1 minute"},"schema":{"@context":"https:\/\/schema.org","@graph":[{"@type":"WebPage","@id":"https:\/\/spbbeauce.ca\/en\/genealogy\/","url":"https:\/\/spbbeauce.ca\/en\/genealogy\/","name":"Genealogy - Soci\u00e9t\u00e9 du patrimoine des Beaucerons","isPartOf":{"@id":"https:\/\/spbbeauce.ca\/en\/#website"},"datePublished":"2020-05-25T05:00:03+00:00","dateModified":"2020-11-30T19:20:25+00:00","breadcrumb":{"@id":"https:\/\/spbbeauce.ca\/en\/genealogy\/#breadcrumb"},"inLanguage":"en-US","potentialAction":[{"@type":"ReadAction","target":["https:\/\/spbbeauce.ca\/en\/genealogy\/"]}]},{"@type":"BreadcrumbList","@id":"https:\/\/spbbeauce.ca\/en\/genealogy\/#breadcrumb","itemListElement":[{"@type":"ListItem","position":1,"name":"Accueil","item":"https:\/\/spbbeauce.ca\/en\/"},{"@type":"ListItem","position":2,"name":"Genealogy"}]},{"@type":"WebSite","@id":"https:\/\/spbbeauce.ca\/en\/#website","url":"https:\/\/spbbeauce.ca\/en\/","name":"Soci\u00e9t\u00e9 du patrimoine des Beaucerons","description":"","potentialAction":[{"@type":"SearchAction","target":{"@type":"EntryPoint","urlTemplate":"https:\/\/spbbeauce.ca\/en\/?s={search_term_string}"},"query-input":{"@type":"PropertyValueSpecification","valueRequired":true,"valueName":"search_term_string"}}],"inLanguage":"en-US"}]}},"jetpack_sharing_enabled":true,"_links":{"self":[{"href":"https:\/\/spbbeauce.ca\/en\/wp-json\/wp\/v2\/pages\/957","targetHints":{"allow":["GET"]}}],"collection":[{"href":"https:\/\/spbbeauce.ca\/en\/wp-json\/wp\/v2\/pages"}],"about":[{"href":"https:\/\/spbbeauce.ca\/en\/wp-json\/wp\/v2\/types\/page"}],"author":[{"embeddable":true,"href":"https:\/\/spbbeauce.ca\/en\/wp-json\/wp\/v2\/users\/1"}],"replies":[{"embeddable":true,"href":"https:\/\/spbbeauce.ca\/en\/wp-json\/wp\/v2\/comments?post=957"}],"version-history":[{"count":3,"href":"https:\/\/spbbeauce.ca\/en\/wp-json\/wp\/v2\/pages\/957\/revisions"}],"predecessor-version":[{"id":1323,"href":"https:\/\/spbbeauce.ca\/en\/wp-json\/wp\/v2\/pages\/957\/revisions\/1323"}],"wp:attachment":[{"href":"https:\/\/spbbeauce.ca\/en\/wp-json\/wp\/v2\/media?parent=957"}],"curies":[{"name":"wp","href":"https:\/\/api.w.org\/{rel}","templated":true}]}}