{"id":929,"date":"2020-06-18T02:39:58","date_gmt":"2020-06-18T02:39:58","guid":{"rendered":"https:\/\/spbbeauce.ca\/our-society\/blogue\/"},"modified":"2020-08-24T15:10:54","modified_gmt":"2020-08-24T15:10:54","slug":"blog","status":"publish","type":"page","link":"https:\/\/spbbeauce.ca\/en\/our-society\/blog\/","title":{"rendered":"Blog"},"content":{"rendered":"<div class=\"wpb-content-wrapper\"><p>[vc_row css_animation=&#8221;&#8221; row_type=&#8221;row&#8221; use_row_as_full_screen_section=&#8221;no&#8221; type=&#8221;full_width&#8221; angled_section=&#8221;no&#8221; text_align=&#8221;left&#8221; background_image_as_pattern=&#8221;without_pattern&#8221;][vc_column]<div class='q_masonry_blog'><div class=\"q_masonry_blog_grid_sizer\"><\/div><div class=\"q_masonry_blog_grid_gutter\"><\/div><article class=\"post-1117 post type-post status-publish format-standard hentry category-blog\"><div class=\"q_masonry_blog_post_image\"><\/div><div class=\"q_masonry_blog_post_text\"><h5 itemprop=\"name\" class=\"q_masonry_blog_title entry_title\"><a itemprop=\"url\" href=\"https:\/\/spbbeauce.ca\/en\/stencil-technique\/\">The Stencil Technique<\/a><\/h5><p itemprop=\"description\" class=\"q_masonry_blog_excerpt\">Dans les tiroirs de la Soci\u00e9t\u00e9 du Patrimoine des Beaucerons nous trouvons des tr\u00e9sors. Voici un des dessins cr\u00e9\u00e9s pour l\u2019ornementation int\u00e9rieure de l\u2019\u00e9glise de Ste-Marie qui date de 1861. Photo : Soci\u00e9t\u00e9 du patrimoine des Beaucerons, Fonds PR35 Fabrique de Sainte-Marie Ce dessin, grandeur......<\/p><div class=\"q_masonry_blog_post_info\"><span itemprop=\"dateCreated\" class=\"time entry_date updated\">08 August, 2020<meta itemprop=\"interactionCount\" content=\"UserComments:0\"\/><\/span> \/ <a itemprop=\"url\" class=\"post_comments\" href=\"https:\/\/spbbeauce.ca\/en\/stencil-technique\/#respond\">No comment<\/a><\/div><\/div><\/article><\/div>[\/vc_column][\/vc_row]<\/p>\n<\/div>","protected":false},"excerpt":{"rendered":"<p>[vc_row css_animation=&#8221;&#8221; row_type=&#8221;row&#8221; use_row_as_full_screen_section=&#8221;no&#8221; type=&#8221;full_width&#8221; angled_section=&#8221;no&#8221; text_align=&#8221;left&#8221; background_image_as_pattern=&#8221;without_pattern&#8221;][vc_column][\/vc_column][\/vc_row]<\/p>\n","protected":false},"author":1,"featured_media":0,"parent":897,"menu_order":9,"comment_status":"closed","ping_status":"closed","template":"","meta":{"footnotes":""},"class_list":["post-929","page","type-page","status-publish","hentry"],"yoast_head":"<!-- This site is optimized with the Yoast SEO plugin v27.4 - https:\/\/yoast.com\/product\/yoast-seo-wordpress\/ -->\n<title>Blog - Soci\u00e9t\u00e9 du patrimoine des Beaucerons<\/title>\n<meta name=\"robots\" content=\"index, follow, max-snippet:-1, max-image-preview:large, max-video-preview:-1\" \/>\n<link rel=\"canonical\" href=\"https:\/\/spbbeauce.ca\/en\/our-society\/blog\/\" \/>\n<meta property=\"og:locale\" content=\"en_US\" \/>\n<meta property=\"og:type\" content=\"article\" \/>\n<meta property=\"og:title\" content=\"Blog - Soci\u00e9t\u00e9 du patrimoine des Beaucerons\" \/>\n<meta property=\"og:description\" content=\"[vc_row css_animation=&#8221;&#8221; row_type=&#8221;row&#8221; use_row_as_full_screen_section=&#8221;no&#8221; type=&#8221;full_width&#8221; angled_section=&#8221;no&#8221; text_align=&#8221;left&#8221; background_image_as_pattern=&#8221;without_pattern&#8221;][vc_column][\/vc_column][\/vc_row]\" \/>\n<meta property=\"og:url\" content=\"https:\/\/spbbeauce.ca\/en\/our-society\/blog\/\" \/>\n<meta property=\"og:site_name\" content=\"Soci\u00e9t\u00e9 du patrimoine des Beaucerons\" \/>\n<meta property=\"article:modified_time\" content=\"2020-08-24T15:10:54+00:00\" \/>\n<meta name=\"twitter:card\" content=\"summary_large_image\" \/>\n<script type=\"application\/ld+json\" class=\"yoast-schema-graph\">{\"@context\":\"https:\\\/\\\/schema.org\",\"@graph\":[{\"@type\":\"WebPage\",\"@id\":\"https:\\\/\\\/spbbeauce.ca\\\/en\\\/our-society\\\/blog\\\/\",\"url\":\"https:\\\/\\\/spbbeauce.ca\\\/en\\\/our-society\\\/blog\\\/\",\"name\":\"Blog - Soci\u00e9t\u00e9 du patrimoine des Beaucerons\",\"isPartOf\":{\"@id\":\"https:\\\/\\\/spbbeauce.ca\\\/en\\\/#website\"},\"datePublished\":\"2020-06-18T02:39:58+00:00\",\"dateModified\":\"2020-08-24T15:10:54+00:00\",\"breadcrumb\":{\"@id\":\"https:\\\/\\\/spbbeauce.ca\\\/en\\\/our-society\\\/blog\\\/#breadcrumb\"},\"inLanguage\":\"en-US\",\"potentialAction\":[{\"@type\":\"ReadAction\",\"target\":[\"https:\\\/\\\/spbbeauce.ca\\\/en\\\/our-society\\\/blog\\\/\"]}]},{\"@type\":\"BreadcrumbList\",\"@id\":\"https:\\\/\\\/spbbeauce.ca\\\/en\\\/our-society\\\/blog\\\/#breadcrumb\",\"itemListElement\":[{\"@type\":\"ListItem\",\"position\":1,\"name\":\"Accueil\",\"item\":\"https:\\\/\\\/spbbeauce.ca\\\/en\\\/\"},{\"@type\":\"ListItem\",\"position\":2,\"name\":\"Our Society\",\"item\":\"https:\\\/\\\/spbbeauce.ca\\\/en\\\/la-societe\\\/\"},{\"@type\":\"ListItem\",\"position\":3,\"name\":\"Blog\"}]},{\"@type\":\"WebSite\",\"@id\":\"https:\\\/\\\/spbbeauce.ca\\\/en\\\/#website\",\"url\":\"https:\\\/\\\/spbbeauce.ca\\\/en\\\/\",\"name\":\"Soci\u00e9t\u00e9 du patrimoine des Beaucerons\",\"description\":\"\",\"potentialAction\":[{\"@type\":\"SearchAction\",\"target\":{\"@type\":\"EntryPoint\",\"urlTemplate\":\"https:\\\/\\\/spbbeauce.ca\\\/en\\\/?s={search_term_string}\"},\"query-input\":{\"@type\":\"PropertyValueSpecification\",\"valueRequired\":true,\"valueName\":\"search_term_string\"}}],\"inLanguage\":\"en-US\"}]}<\/script>\n<!-- \/ Yoast SEO plugin. -->","yoast_head_json":{"title":"Blog - Soci\u00e9t\u00e9 du patrimoine des Beaucerons","robots":{"index":"index","follow":"follow","max-snippet":"max-snippet:-1","max-image-preview":"max-image-preview:large","max-video-preview":"max-video-preview:-1"},"canonical":"https:\/\/spbbeauce.ca\/en\/our-society\/blog\/","og_locale":"en_US","og_type":"article","og_title":"Blog - Soci\u00e9t\u00e9 du patrimoine des Beaucerons","og_description":"[vc_row css_animation=&#8221;&#8221; row_type=&#8221;row&#8221; use_row_as_full_screen_section=&#8221;no&#8221; type=&#8221;full_width&#8221; angled_section=&#8221;no&#8221; text_align=&#8221;left&#8221; background_image_as_pattern=&#8221;without_pattern&#8221;][vc_column][\/vc_column][\/vc_row]","og_url":"https:\/\/spbbeauce.ca\/en\/our-society\/blog\/","og_site_name":"Soci\u00e9t\u00e9 du patrimoine des Beaucerons","article_modified_time":"2020-08-24T15:10:54+00:00","twitter_card":"summary_large_image","schema":{"@context":"https:\/\/schema.org","@graph":[{"@type":"WebPage","@id":"https:\/\/spbbeauce.ca\/en\/our-society\/blog\/","url":"https:\/\/spbbeauce.ca\/en\/our-society\/blog\/","name":"Blog - Soci\u00e9t\u00e9 du patrimoine des Beaucerons","isPartOf":{"@id":"https:\/\/spbbeauce.ca\/en\/#website"},"datePublished":"2020-06-18T02:39:58+00:00","dateModified":"2020-08-24T15:10:54+00:00","breadcrumb":{"@id":"https:\/\/spbbeauce.ca\/en\/our-society\/blog\/#breadcrumb"},"inLanguage":"en-US","potentialAction":[{"@type":"ReadAction","target":["https:\/\/spbbeauce.ca\/en\/our-society\/blog\/"]}]},{"@type":"BreadcrumbList","@id":"https:\/\/spbbeauce.ca\/en\/our-society\/blog\/#breadcrumb","itemListElement":[{"@type":"ListItem","position":1,"name":"Accueil","item":"https:\/\/spbbeauce.ca\/en\/"},{"@type":"ListItem","position":2,"name":"Our Society","item":"https:\/\/spbbeauce.ca\/en\/la-societe\/"},{"@type":"ListItem","position":3,"name":"Blog"}]},{"@type":"WebSite","@id":"https:\/\/spbbeauce.ca\/en\/#website","url":"https:\/\/spbbeauce.ca\/en\/","name":"Soci\u00e9t\u00e9 du patrimoine des Beaucerons","description":"","potentialAction":[{"@type":"SearchAction","target":{"@type":"EntryPoint","urlTemplate":"https:\/\/spbbeauce.ca\/en\/?s={search_term_string}"},"query-input":{"@type":"PropertyValueSpecification","valueRequired":true,"valueName":"search_term_string"}}],"inLanguage":"en-US"}]}},"jetpack_sharing_enabled":true,"_links":{"self":[{"href":"https:\/\/spbbeauce.ca\/en\/wp-json\/wp\/v2\/pages\/929","targetHints":{"allow":["GET"]}}],"collection":[{"href":"https:\/\/spbbeauce.ca\/en\/wp-json\/wp\/v2\/pages"}],"about":[{"href":"https:\/\/spbbeauce.ca\/en\/wp-json\/wp\/v2\/types\/page"}],"author":[{"embeddable":true,"href":"https:\/\/spbbeauce.ca\/en\/wp-json\/wp\/v2\/users\/1"}],"replies":[{"embeddable":true,"href":"https:\/\/spbbeauce.ca\/en\/wp-json\/wp\/v2\/comments?post=929"}],"version-history":[{"count":1,"href":"https:\/\/spbbeauce.ca\/en\/wp-json\/wp\/v2\/pages\/929\/revisions"}],"predecessor-version":[{"id":930,"href":"https:\/\/spbbeauce.ca\/en\/wp-json\/wp\/v2\/pages\/929\/revisions\/930"}],"up":[{"embeddable":true,"href":"https:\/\/spbbeauce.ca\/en\/wp-json\/wp\/v2\/pages\/897"}],"wp:attachment":[{"href":"https:\/\/spbbeauce.ca\/en\/wp-json\/wp\/v2\/media?parent=929"}],"curies":[{"name":"wp","href":"https:\/\/api.w.org\/{rel}","templated":true}]}}