{"id":901,"date":"2020-05-25T04:47:18","date_gmt":"2020-05-25T04:47:18","guid":{"rendered":"https:\/\/spbbeauce.ca\/la-societe\/historique\/"},"modified":"2020-12-18T13:54:20","modified_gmt":"2020-12-18T13:54:20","slug":"history","status":"publish","type":"page","link":"https:\/\/spbbeauce.ca\/en\/our-society\/history\/","title":{"rendered":"History"},"content":{"rendered":"<div class=\"wpb-content-wrapper\"><p>[vc_row css_animation=&#8221;&#8221; row_type=&#8221;row&#8221; use_row_as_full_screen_section=&#8221;no&#8221; type=&#8221;grid&#8221; angled_section=&#8221;no&#8221; text_align=&#8221;left&#8221; background_image_as_pattern=&#8221;without_pattern&#8221; z_index=&#8221;&#8221;][vc_column width=&#8221;1\/6&#8243;][\/vc_column][vc_column width=&#8221;2\/3&#8243;]<div class=\"qode-workflow  qode-workflow-animate\">\n    <span class=\"main-line\" style=\"background-color:#1a381c;\"><\/span>\n    <div class=\"qode-workflow-item\">\n    <span class=\"line\" style=\"\"><\/span>\n    <div class=\"qode-workflow-item-inner \">\n        <div class=\"qode-workflow-image right\">\n            <img loading=\"lazy\" decoding=\"async\" width=\"100\" height=\"100\" src=\"https:\/\/i0.wp.com\/spbbeauce.ca\/wp-content\/uploads\/2020\/07\/1976-b.png?fit=100%2C100&amp;ssl=1\" class=\"attachment-full size-full\" alt=\"\" \/>        <\/div>\n        <div class=\"qode-workflow-text\">\n            <span class=\"circle\" style=\"\"><\/span>\n                                        <h6 class=\"qode-workflow-subtitle\">Creation of Soci\u00e9t\u00e9 du patrimoine des Beaucerons on July 7th<\/h6>\n                                        <p class=\"text\">Supported by the population and the Barreau de la Beauce, the SPB is born of the desire to keep the judicial archives of the Beauce district within the region.<\/p>\n                    <\/div>\n    <\/div>\n<\/div><div class=\"qode-workflow-item\">\n    <span class=\"line\" style=\"\"><\/span>\n    <div class=\"qode-workflow-item-inner reverse\">\n        <div class=\"qode-workflow-image left\">\n            <img loading=\"lazy\" decoding=\"async\" width=\"100\" height=\"100\" src=\"https:\/\/i0.wp.com\/spbbeauce.ca\/wp-content\/uploads\/2020\/07\/1978-b.png?fit=100%2C100&amp;ssl=1\" class=\"attachment-full size-full\" alt=\"\" \/>        <\/div>\n        <div class=\"qode-workflow-text\">\n            <span class=\"circle\" style=\"\"><\/span>\n                                        <h6 class=\"qode-workflow-subtitle\">Creation of the Marius-Barbeau Museum<\/h6>\n                                <\/div>\n    <\/div>\n<\/div><div class=\"qode-workflow-item\">\n    <span class=\"line\" style=\"\"><\/span>\n    <div class=\"qode-workflow-item-inner \">\n        <div class=\"qode-workflow-image right\">\n            <img loading=\"lazy\" decoding=\"async\" width=\"100\" height=\"100\" src=\"https:\/\/i0.wp.com\/spbbeauce.ca\/wp-content\/uploads\/2020\/07\/1985-b.png?fit=100%2C100&amp;ssl=1\" class=\"attachment-full size-full\" alt=\"\" \/>        <\/div>\n        <div class=\"qode-workflow-text\">\n            <span class=\"circle\" style=\"\"><\/span>\n                                        <h6 class=\"qode-workflow-subtitle\">Saint-Joseph-de-Beauce Institutional Ensemble listed as a National Historic Site<\/h6>\n                                <\/div>\n    <\/div>\n<\/div><div class=\"qode-workflow-item\">\n    <span class=\"line\" style=\"\"><\/span>\n    <div class=\"qode-workflow-item-inner reverse\">\n        <div class=\"qode-workflow-image left\">\n            <img loading=\"lazy\" decoding=\"async\" width=\"100\" height=\"100\" src=\"https:\/\/i0.wp.com\/spbbeauce.ca\/wp-content\/uploads\/2020\/07\/1987-b.png?fit=100%2C100&amp;ssl=1\" class=\"attachment-full size-full\" alt=\"\" \/>        <\/div>\n        <div class=\"qode-workflow-text\">\n            <span class=\"circle\" style=\"\"><\/span>\n                                        <h6 class=\"qode-workflow-subtitle\">Contribution of the Soci\u00e9t\u00e9 du patrimoine des Beaucerons to the commemoration of the 250th anniversary of Saint-Joseph-de-Beauce<\/h6>\n                                <\/div>\n    <\/div>\n<\/div><div class=\"qode-workflow-item\">\n    <span class=\"line\" style=\"\"><\/span>\n    <div class=\"qode-workflow-item-inner \">\n        <div class=\"qode-workflow-image right\">\n            <img loading=\"lazy\" decoding=\"async\" width=\"100\" height=\"100\" src=\"https:\/\/i0.wp.com\/spbbeauce.ca\/wp-content\/uploads\/2020\/07\/1990-b.png?fit=100%2C100&amp;ssl=1\" class=\"attachment-full size-full\" alt=\"\" \/>        <\/div>\n        <div class=\"qode-workflow-text\">\n            <span class=\"circle\" style=\"\"><\/span>\n                                        <h6 class=\"qode-workflow-subtitle\">Publication of \u00ab La Beauce et les Beaucerons, portraits d\u2019une r\u00e9gion 1737-1987 \u00bb<\/h6>\n                                <\/div>\n    <\/div>\n<\/div><div class=\"qode-workflow-item\">\n    <span class=\"line\" style=\"\"><\/span>\n    <div class=\"qode-workflow-item-inner reverse\">\n        <div class=\"qode-workflow-image left\">\n            <img loading=\"lazy\" decoding=\"async\" width=\"100\" height=\"100\" src=\"https:\/\/i0.wp.com\/spbbeauce.ca\/wp-content\/uploads\/2020\/07\/1991-b.png?fit=100%2C100&amp;ssl=1\" class=\"attachment-full size-full\" alt=\"\" \/>        <\/div>\n        <div class=\"qode-workflow-text\">\n            <span class=\"circle\" style=\"\"><\/span>\n                                        <h6 class=\"qode-workflow-subtitle\">Publication of \u00abImpr\u00e9visible Chaudi\u00e8re\u00bb<\/h6>\n                                <\/div>\n    <\/div>\n<\/div><div class=\"qode-workflow-item\">\n    <span class=\"line\" style=\"\"><\/span>\n    <div class=\"qode-workflow-item-inner \">\n        <div class=\"qode-workflow-image right\">\n            <img loading=\"lazy\" decoding=\"async\" width=\"100\" height=\"100\" src=\"https:\/\/i0.wp.com\/spbbeauce.ca\/wp-content\/uploads\/2020\/07\/1993-b.png?fit=100%2C100&amp;ssl=1\" class=\"attachment-full size-full\" alt=\"\" \/>        <\/div>\n        <div class=\"qode-workflow-text\">\n            <span class=\"circle\" style=\"\"><\/span>\n                                        <h6 class=\"qode-workflow-subtitle\">The SPB and the Marius-Barbeau Museum move in the Maison de la Culture in Saint-Joseph-de-Beauce<\/h6>\n                                <\/div>\n    <\/div>\n<\/div><div class=\"qode-workflow-item\">\n    <span class=\"line\" style=\"\"><\/span>\n    <div class=\"qode-workflow-item-inner reverse\">\n        <div class=\"qode-workflow-image left\">\n            <img loading=\"lazy\" decoding=\"async\" width=\"100\" height=\"100\" src=\"https:\/\/i0.wp.com\/spbbeauce.ca\/wp-content\/uploads\/2020\/07\/1994-b.png?fit=100%2C100&amp;ssl=1\" class=\"attachment-full size-full\" alt=\"\" \/>        <\/div>\n        <div class=\"qode-workflow-text\">\n            <span class=\"circle\" style=\"\"><\/span>\n                                        <h6 class=\"qode-workflow-subtitle\">The SPB recieves its accreditation with Biblioth\u00e8que et Archives nationales du Qu\u00e9bec and becomes an accredited archives service<\/h6>\n                                <\/div>\n    <\/div>\n<\/div><div class=\"qode-workflow-item\">\n    <span class=\"line\" style=\"\"><\/span>\n    <div class=\"qode-workflow-item-inner \">\n        <div class=\"qode-workflow-image right\">\n            <img loading=\"lazy\" decoding=\"async\" width=\"100\" height=\"100\" src=\"https:\/\/i0.wp.com\/spbbeauce.ca\/wp-content\/uploads\/2020\/07\/2003-b.png?fit=100%2C100&amp;ssl=1\" class=\"attachment-full size-full\" alt=\"\" \/>        <\/div>\n        <div class=\"qode-workflow-text\">\n            <span class=\"circle\" style=\"\"><\/span>\n                                        <h6 class=\"qode-workflow-subtitle\">Publication of \u00ab Tr\u00e9sors religieux de la Beauce \u00bb<\/h6>\n                                <\/div>\n    <\/div>\n<\/div><div class=\"qode-workflow-item\">\n    <span class=\"line\" style=\"\"><\/span>\n    <div class=\"qode-workflow-item-inner reverse\">\n        <div class=\"qode-workflow-image left\">\n            <img loading=\"lazy\" decoding=\"async\" width=\"100\" height=\"100\" src=\"https:\/\/i0.wp.com\/spbbeauce.ca\/wp-content\/uploads\/2020\/07\/2006-b.png?fit=100%2C100&amp;ssl=1\" class=\"attachment-full size-full\" alt=\"\" \/>        <\/div>\n        <div class=\"qode-workflow-text\">\n            <span class=\"circle\" style=\"\"><\/span>\n                                        <h6 class=\"qode-workflow-subtitle\">Publication of \u00abL\u2019Ensemble institutionnel et le Palais de justice de Saint-Joseph-de-Beauce\u00bb<\/h6>\n                                <\/div>\n    <\/div>\n<\/div><div class=\"qode-workflow-item\">\n    <span class=\"line\" style=\"\"><\/span>\n    <div class=\"qode-workflow-item-inner reverse\">\n        <div class=\"qode-workflow-image left\">\n                    <\/div>\n        <div class=\"qode-workflow-text\">\n            <span class=\"circle\" style=\"\"><\/span>\n                                        <h6 class=\"qode-workflow-subtitle\">Federal designation for the Sainte-Marie church, the Saint-Joseph-de-Beauce Institional Ensemble and the regional maple product<\/h6>\n                                <\/div>\n    <\/div>\n<\/div><div class=\"qode-workflow-item\">\n    <span class=\"line\" style=\"\"><\/span>\n    <div class=\"qode-workflow-item-inner \">\n        <div class=\"qode-workflow-image right\">\n            <img loading=\"lazy\" decoding=\"async\" width=\"100\" height=\"100\" src=\"https:\/\/i0.wp.com\/spbbeauce.ca\/wp-content\/uploads\/2020\/07\/2007-b.png?fit=100%2C100&amp;ssl=1\" class=\"attachment-full size-full\" alt=\"\" \/>        <\/div>\n        <div class=\"qode-workflow-text\">\n            <span class=\"circle\" style=\"\"><\/span>\n                                        <h6 class=\"qode-workflow-subtitle\">Publication of \u00ab Le R\u00e9pertoire des bapt\u00eames, mariages, s\u00e9pultures et Annotations marginales et R\u00e9pertoire des pionniers de la Paroisse Saint-Joseph-de-la-Nouvelle-Beauce 1737-2005 \u00bb<\/h6>\n                                <\/div>\n    <\/div>\n<\/div><div class=\"qode-workflow-item\">\n    <span class=\"line\" style=\"\"><\/span>\n    <div class=\"qode-workflow-item-inner reverse\">\n        <div class=\"qode-workflow-image left\">\n            <img loading=\"lazy\" decoding=\"async\" width=\"100\" height=\"100\" src=\"https:\/\/i0.wp.com\/spbbeauce.ca\/wp-content\/uploads\/2020\/07\/2008-b.png?fit=100%2C100&amp;ssl=1\" class=\"attachment-full size-full\" alt=\"\" \/>        <\/div>\n        <div class=\"qode-workflow-text\">\n            <span class=\"circle\" style=\"\"><\/span>\n                                        <h6 class=\"qode-workflow-subtitle\">\u00c9douard Lacroix listed as a national historical figure<\/h6>\n                                <\/div>\n    <\/div>\n<\/div><div class=\"qode-workflow-item\">\n    <span class=\"line\" style=\"\"><\/span>\n    <div class=\"qode-workflow-item-inner \">\n        <div class=\"qode-workflow-image right\">\n            <img loading=\"lazy\" decoding=\"async\" width=\"100\" height=\"100\" src=\"https:\/\/i0.wp.com\/spbbeauce.ca\/wp-content\/uploads\/2020\/07\/2009-b.png?fit=100%2C100&amp;ssl=1\" class=\"attachment-full size-full\" alt=\"\" \/>        <\/div>\n        <div class=\"qode-workflow-text\">\n            <span class=\"circle\" style=\"\"><\/span>\n                                        <h6 class=\"qode-workflow-subtitle\">Illumination of the Saint-Joseph-de-Beauce catafalque after its restoration<\/h6>\n                                <\/div>\n    <\/div>\n<\/div><div class=\"qode-workflow-item\">\n    <span class=\"line\" style=\"\"><\/span>\n    <div class=\"qode-workflow-item-inner reverse\">\n        <div class=\"qode-workflow-image left\">\n            <img loading=\"lazy\" decoding=\"async\" width=\"100\" height=\"100\" src=\"https:\/\/i0.wp.com\/spbbeauce.ca\/wp-content\/uploads\/2020\/07\/2011-b.png?fit=100%2C100&amp;ssl=1\" class=\"attachment-full size-full\" alt=\"\" \/>        <\/div>\n        <div class=\"qode-workflow-text\">\n            <span class=\"circle\" style=\"\"><\/span>\n                                        <h6 class=\"qode-workflow-subtitle\">The \u00ab Coup de c\u0153ur lors des Prix du patrimoine des r\u00e9gions de Qu\u00e9bec et de Chaudi\u00e8re-Appalaches \u00bb award is awarded to the SPB<\/h6>\n                                <\/div>\n    <\/div>\n<\/div><div class=\"qode-workflow-item\">\n    <span class=\"line\" style=\"\"><\/span>\n    <div class=\"qode-workflow-item-inner \">\n        <div class=\"qode-workflow-image right\">\n            <img loading=\"lazy\" decoding=\"async\" width=\"100\" height=\"100\" src=\"https:\/\/i0.wp.com\/spbbeauce.ca\/wp-content\/uploads\/2020\/08\/2017-b.png?fit=100%2C100&amp;ssl=1\" class=\"attachment-full size-full\" alt=\"\" \/>        <\/div>\n        <div class=\"qode-workflow-text\">\n            <span class=\"circle\" style=\"\"><\/span>\n                                        <h6 class=\"qode-workflow-subtitle\">SPB closure<\/h6>\n                                        <p class=\"text\">After several years of financial struggles, the SPB is forced to close to the public.<\/p>\n                    <\/div>\n    <\/div>\n<\/div><div class=\"qode-workflow-item\">\n    <span class=\"line\" style=\"\"><\/span>\n    <div class=\"qode-workflow-item-inner reverse\">\n        <div class=\"qode-workflow-image left\">\n            <img loading=\"lazy\" decoding=\"async\" width=\"100\" height=\"100\" src=\"https:\/\/i0.wp.com\/spbbeauce.ca\/wp-content\/uploads\/2020\/08\/2018-b.png?fit=100%2C100&amp;ssl=1\" class=\"attachment-full size-full\" alt=\"\" \/>        <\/div>\n        <div class=\"qode-workflow-text\">\n            <span class=\"circle\" style=\"\"><\/span>\n                                        <h6 class=\"qode-workflow-subtitle\">Formation of a re-start committee<\/h6>\n                                        <p class=\"text\">An administrative reorganization is initiated.<\/p>\n                    <\/div>\n    <\/div>\n<\/div><div class=\"qode-workflow-item\">\n    <span class=\"line\" style=\"\"><\/span>\n    <div class=\"qode-workflow-item-inner \">\n        <div class=\"qode-workflow-image right\">\n            <img loading=\"lazy\" decoding=\"async\" width=\"100\" height=\"100\" src=\"https:\/\/i0.wp.com\/spbbeauce.ca\/wp-content\/uploads\/2020\/08\/2020-b.png?fit=100%2C100&amp;ssl=1\" class=\"attachment-full size-full\" alt=\"\" \/>        <\/div>\n        <div class=\"qode-workflow-text\">\n            <span class=\"circle\" style=\"\"><\/span>\n                                        <h6 class=\"qode-workflow-subtitle\">Re-opening of the SPB<\/h6>\n                                        <p class=\"text\">Thanks to the hard work of the re-start committee and to some funding from the minist\u00e8re des Affaires municipales et de l'Habitation, the SPB hires a new team and resumes its activities.<\/p>\n                    <\/div>\n    <\/div>\n<\/div><\/div>[\/vc_column][vc_column width=&#8221;1\/6&#8243;][\/vc_column][\/vc_row][vc_row css_animation=&#8221;&#8221; row_type=&#8221;row&#8221; use_row_as_full_screen_section=&#8221;no&#8221; type=&#8221;grid&#8221; angled_section=&#8221;no&#8221; text_align=&#8221;left&#8221; background_image_as_pattern=&#8221;without_pattern&#8221; z_index=&#8221;&#8221;][vc_column][vc_empty_space height=&#8221;62px&#8221;][\/vc_column][\/vc_row]<\/p>\n<\/div>","protected":false},"excerpt":{"rendered":"<p>[vc_row css_animation=&#8221;&#8221; row_type=&#8221;row&#8221; use_row_as_full_screen_section=&#8221;no&#8221; type=&#8221;grid&#8221; angled_section=&#8221;no&#8221; text_align=&#8221;left&#8221; background_image_as_pattern=&#8221;without_pattern&#8221; z_index=&#8221;&#8221;][vc_column width=&#8221;1\/6&#8243;][\/vc_column][vc_column width=&#8221;2\/3&#8243;][\/vc_column][vc_column width=&#8221;1\/6&#8243;][\/vc_column][\/vc_row][vc_row css_animation=&#8221;&#8221; row_type=&#8221;row&#8221; use_row_as_full_screen_section=&#8221;no&#8221; type=&#8221;grid&#8221; angled_section=&#8221;no&#8221; text_align=&#8221;left&#8221; background_image_as_pattern=&#8221;without_pattern&#8221; z_index=&#8221;&#8221;][vc_column][vc_empty_space height=&#8221;62px&#8221;][\/vc_column][\/vc_row]<\/p>\n","protected":false},"author":1,"featured_media":0,"parent":897,"menu_order":1,"comment_status":"closed","ping_status":"closed","template":"","meta":{"footnotes":""},"class_list":["post-901","page","type-page","status-publish","hentry"],"yoast_head":"<!-- This site is optimized with the Yoast SEO plugin v27.5 - https:\/\/yoast.com\/product\/yoast-seo-wordpress\/ -->\n<title>History - Soci\u00e9t\u00e9 du patrimoine des Beaucerons<\/title>\n<meta name=\"robots\" content=\"index, follow, max-snippet:-1, max-image-preview:large, max-video-preview:-1\" \/>\n<link rel=\"canonical\" href=\"https:\/\/spbbeauce.ca\/en\/our-society\/history\/\" \/>\n<meta property=\"og:locale\" content=\"en_US\" \/>\n<meta property=\"og:type\" content=\"article\" \/>\n<meta property=\"og:title\" content=\"History - Soci\u00e9t\u00e9 du patrimoine des Beaucerons\" \/>\n<meta property=\"og:description\" content=\"[vc_row css_animation=&#8221;&#8221; row_type=&#8221;row&#8221; use_row_as_full_screen_section=&#8221;no&#8221; type=&#8221;grid&#8221; angled_section=&#8221;no&#8221; text_align=&#8221;left&#8221; background_image_as_pattern=&#8221;without_pattern&#8221; z_index=&#8221;&#8221;][vc_column width=&#8221;1\/6&#8243;][\/vc_column][vc_column width=&#8221;2\/3&#8243;][\/vc_column][vc_column width=&#8221;1\/6&#8243;][\/vc_column][\/vc_row][vc_row css_animation=&#8221;&#8221; row_type=&#8221;row&#8221; use_row_as_full_screen_section=&#8221;no&#8221; type=&#8221;grid&#8221; angled_section=&#8221;no&#8221; text_align=&#8221;left&#8221; background_image_as_pattern=&#8221;without_pattern&#8221; z_index=&#8221;&#8221;][vc_column][vc_empty_space height=&#8221;62px&#8221;][\/vc_column][\/vc_row]\" \/>\n<meta property=\"og:url\" content=\"https:\/\/spbbeauce.ca\/en\/our-society\/history\/\" \/>\n<meta property=\"og:site_name\" content=\"Soci\u00e9t\u00e9 du patrimoine des Beaucerons\" \/>\n<meta property=\"article:modified_time\" content=\"2020-12-18T13:54:20+00:00\" \/>\n<meta name=\"twitter:card\" content=\"summary_large_image\" \/>\n<meta name=\"twitter:label1\" content=\"Est. reading time\" \/>\n\t<meta name=\"twitter:data1\" content=\"3 minutes\" \/>\n<script type=\"application\/ld+json\" class=\"yoast-schema-graph\">{\"@context\":\"https:\\\/\\\/schema.org\",\"@graph\":[{\"@type\":\"WebPage\",\"@id\":\"https:\\\/\\\/spbbeauce.ca\\\/en\\\/our-society\\\/history\\\/\",\"url\":\"https:\\\/\\\/spbbeauce.ca\\\/en\\\/our-society\\\/history\\\/\",\"name\":\"History - Soci\u00e9t\u00e9 du patrimoine des Beaucerons\",\"isPartOf\":{\"@id\":\"https:\\\/\\\/spbbeauce.ca\\\/en\\\/#website\"},\"datePublished\":\"2020-05-25T04:47:18+00:00\",\"dateModified\":\"2020-12-18T13:54:20+00:00\",\"breadcrumb\":{\"@id\":\"https:\\\/\\\/spbbeauce.ca\\\/en\\\/our-society\\\/history\\\/#breadcrumb\"},\"inLanguage\":\"en-US\",\"potentialAction\":[{\"@type\":\"ReadAction\",\"target\":[\"https:\\\/\\\/spbbeauce.ca\\\/en\\\/our-society\\\/history\\\/\"]}]},{\"@type\":\"BreadcrumbList\",\"@id\":\"https:\\\/\\\/spbbeauce.ca\\\/en\\\/our-society\\\/history\\\/#breadcrumb\",\"itemListElement\":[{\"@type\":\"ListItem\",\"position\":1,\"name\":\"Accueil\",\"item\":\"https:\\\/\\\/spbbeauce.ca\\\/en\\\/\"},{\"@type\":\"ListItem\",\"position\":2,\"name\":\"Our Society\",\"item\":\"https:\\\/\\\/spbbeauce.ca\\\/en\\\/la-societe\\\/\"},{\"@type\":\"ListItem\",\"position\":3,\"name\":\"History\"}]},{\"@type\":\"WebSite\",\"@id\":\"https:\\\/\\\/spbbeauce.ca\\\/en\\\/#website\",\"url\":\"https:\\\/\\\/spbbeauce.ca\\\/en\\\/\",\"name\":\"Soci\u00e9t\u00e9 du patrimoine des Beaucerons\",\"description\":\"\",\"potentialAction\":[{\"@type\":\"SearchAction\",\"target\":{\"@type\":\"EntryPoint\",\"urlTemplate\":\"https:\\\/\\\/spbbeauce.ca\\\/en\\\/?s={search_term_string}\"},\"query-input\":{\"@type\":\"PropertyValueSpecification\",\"valueRequired\":true,\"valueName\":\"search_term_string\"}}],\"inLanguage\":\"en-US\"}]}<\/script>\n<!-- \/ Yoast SEO plugin. -->","yoast_head_json":{"title":"History - Soci\u00e9t\u00e9 du patrimoine des Beaucerons","robots":{"index":"index","follow":"follow","max-snippet":"max-snippet:-1","max-image-preview":"max-image-preview:large","max-video-preview":"max-video-preview:-1"},"canonical":"https:\/\/spbbeauce.ca\/en\/our-society\/history\/","og_locale":"en_US","og_type":"article","og_title":"History - Soci\u00e9t\u00e9 du patrimoine des Beaucerons","og_description":"[vc_row css_animation=&#8221;&#8221; row_type=&#8221;row&#8221; use_row_as_full_screen_section=&#8221;no&#8221; type=&#8221;grid&#8221; angled_section=&#8221;no&#8221; text_align=&#8221;left&#8221; background_image_as_pattern=&#8221;without_pattern&#8221; z_index=&#8221;&#8221;][vc_column width=&#8221;1\/6&#8243;][\/vc_column][vc_column width=&#8221;2\/3&#8243;][\/vc_column][vc_column width=&#8221;1\/6&#8243;][\/vc_column][\/vc_row][vc_row css_animation=&#8221;&#8221; row_type=&#8221;row&#8221; use_row_as_full_screen_section=&#8221;no&#8221; type=&#8221;grid&#8221; angled_section=&#8221;no&#8221; text_align=&#8221;left&#8221; background_image_as_pattern=&#8221;without_pattern&#8221; z_index=&#8221;&#8221;][vc_column][vc_empty_space height=&#8221;62px&#8221;][\/vc_column][\/vc_row]","og_url":"https:\/\/spbbeauce.ca\/en\/our-society\/history\/","og_site_name":"Soci\u00e9t\u00e9 du patrimoine des Beaucerons","article_modified_time":"2020-12-18T13:54:20+00:00","twitter_card":"summary_large_image","twitter_misc":{"Est. reading time":"3 minutes"},"schema":{"@context":"https:\/\/schema.org","@graph":[{"@type":"WebPage","@id":"https:\/\/spbbeauce.ca\/en\/our-society\/history\/","url":"https:\/\/spbbeauce.ca\/en\/our-society\/history\/","name":"History - Soci\u00e9t\u00e9 du patrimoine des Beaucerons","isPartOf":{"@id":"https:\/\/spbbeauce.ca\/en\/#website"},"datePublished":"2020-05-25T04:47:18+00:00","dateModified":"2020-12-18T13:54:20+00:00","breadcrumb":{"@id":"https:\/\/spbbeauce.ca\/en\/our-society\/history\/#breadcrumb"},"inLanguage":"en-US","potentialAction":[{"@type":"ReadAction","target":["https:\/\/spbbeauce.ca\/en\/our-society\/history\/"]}]},{"@type":"BreadcrumbList","@id":"https:\/\/spbbeauce.ca\/en\/our-society\/history\/#breadcrumb","itemListElement":[{"@type":"ListItem","position":1,"name":"Accueil","item":"https:\/\/spbbeauce.ca\/en\/"},{"@type":"ListItem","position":2,"name":"Our Society","item":"https:\/\/spbbeauce.ca\/en\/la-societe\/"},{"@type":"ListItem","position":3,"name":"History"}]},{"@type":"WebSite","@id":"https:\/\/spbbeauce.ca\/en\/#website","url":"https:\/\/spbbeauce.ca\/en\/","name":"Soci\u00e9t\u00e9 du patrimoine des Beaucerons","description":"","potentialAction":[{"@type":"SearchAction","target":{"@type":"EntryPoint","urlTemplate":"https:\/\/spbbeauce.ca\/en\/?s={search_term_string}"},"query-input":{"@type":"PropertyValueSpecification","valueRequired":true,"valueName":"search_term_string"}}],"inLanguage":"en-US"}]}},"jetpack_sharing_enabled":true,"_links":{"self":[{"href":"https:\/\/spbbeauce.ca\/en\/wp-json\/wp\/v2\/pages\/901","targetHints":{"allow":["GET"]}}],"collection":[{"href":"https:\/\/spbbeauce.ca\/en\/wp-json\/wp\/v2\/pages"}],"about":[{"href":"https:\/\/spbbeauce.ca\/en\/wp-json\/wp\/v2\/types\/page"}],"author":[{"embeddable":true,"href":"https:\/\/spbbeauce.ca\/en\/wp-json\/wp\/v2\/users\/1"}],"replies":[{"embeddable":true,"href":"https:\/\/spbbeauce.ca\/en\/wp-json\/wp\/v2\/comments?post=901"}],"version-history":[{"count":6,"href":"https:\/\/spbbeauce.ca\/en\/wp-json\/wp\/v2\/pages\/901\/revisions"}],"predecessor-version":[{"id":1348,"href":"https:\/\/spbbeauce.ca\/en\/wp-json\/wp\/v2\/pages\/901\/revisions\/1348"}],"up":[{"embeddable":true,"href":"https:\/\/spbbeauce.ca\/en\/wp-json\/wp\/v2\/pages\/897"}],"wp:attachment":[{"href":"https:\/\/spbbeauce.ca\/en\/wp-json\/wp\/v2\/media?parent=901"}],"curies":[{"name":"wp","href":"https:\/\/api.w.org\/{rel}","templated":true}]}}