{"id":1000,"date":"2020-05-25T05:07:20","date_gmt":"2020-05-25T05:07:20","guid":{"rendered":"https:\/\/spbbeauce.ca\/contact\/"},"modified":"2025-11-18T15:14:59","modified_gmt":"2025-11-18T20:14:59","slug":"contact","status":"publish","type":"page","link":"https:\/\/spbbeauce.ca\/en\/contact\/","title":{"rendered":"Contact"},"content":{"rendered":"<div class=\"wpb-content-wrapper\"><p>[vc_row css_animation=&#8221;&#8221; row_type=&#8221;row&#8221; use_row_as_full_screen_section=&#8221;no&#8221; type=&#8221;grid&#8221; angled_section=&#8221;no&#8221; text_align=&#8221;left&#8221; background_image_as_pattern=&#8221;without_pattern&#8221; z_index=&#8221;&#8221;][vc_column width=&#8221;1\/2&#8243; css=&#8221;.vc_custom_1590728797137{padding-top: 50px !important;}&#8221;]<div class=\"custom_font_holder \" style=\" font-style: normal; font-weight: 500; color: #000000; text-decoration: none; text-align: left; --qode-cf-font-size: 28px; --qode-cf-line-height: 80px; --qode-cf-font-size-1440: 28px; --qode-cf-line-height-1440: 80px; --qode-cf-font-size-1366: 28px; --qode-cf-line-height-1366: 80px; --qode-cf-font-size-1280: 28px; --qode-cf-line-height-1280: 80px; --qode-cf-font-size-1024: 28px; --qode-cf-line-height-1024: 80px; --qode-cf-font-size-768: 28px; --qode-cf-line-height-768: 80px; --qode-cf-font-size-680: 28px; --qode-cf-line-height-680: 80px; --qode-cf-font-size-480: 28px; --qode-cf-line-height-480: 80px;\">Soci\u00e9t\u00e9 du Patrimoine des Beaucerons<\/div>[vc_column_text css=&#8221;.vc_custom_1606774497329{padding-bottom: 10px !important;}&#8221;]139, rue Sainte-Christine<\/p>\n<p>Saint-Joseph-de-Beauce (Qu\u00e9bec) G0S 2V0<\/p>\n<p>Phone : <a href=\"tel:+1.4183976379\"><strong>418 397-6379<\/strong><\/a><\/p>\n<p>Email : <strong><a href=\"mailto:archives@spbbeauce.ca\">archives@spbbeauce.ca<\/a><\/strong>[\/vc_column_text]<div class=\"custom_font_holder \" style=\" font-style: normal; font-weight: 500; color: #000000; text-decoration: none; text-align: left; --qode-cf-font-size: 28px; --qode-cf-line-height: 80px; --qode-cf-font-size-1440: 28px; --qode-cf-line-height-1440: 80px; --qode-cf-font-size-1366: 28px; --qode-cf-line-height-1366: 80px; --qode-cf-font-size-1280: 28px; --qode-cf-line-height-1280: 80px; --qode-cf-font-size-1024: 28px; --qode-cf-line-height-1024: 80px; --qode-cf-font-size-768: 28px; --qode-cf-line-height-768: 80px; --qode-cf-font-size-680: 28px; --qode-cf-line-height-680: 80px; --qode-cf-font-size-480: 28px; --qode-cf-line-height-480: 80px;\">Opening hours<\/div>[vc_column_text]<strong>Monday :<\/strong> CLOSED<\/p>\n<p><strong>Tuesday :<\/strong> 8:30 AM to 4:00 PM<\/p>\n<p><strong>Wednesday :<\/strong> 8:30 AM to 4:00 PM<\/p>\n<p><strong>Thursday :<\/strong> 8:30 AM to 4:00 PM<\/p>\n<p><strong>Friday :<\/strong> 8:30 AM to 4:00 PM<\/p>\n<p><strong>Saturday :<\/strong> CLOSED<\/p>\n<p><strong>Sunday<\/strong> : CLOSED<\/p>\n<p>&nbsp;<\/p>\n<p>&nbsp;<\/p>\n<p>We strongly recommend booking an appointment for consultations so that our team can prepare the documents prior to your arrival. To book an appointment online, please click on the button below :[\/vc_column_text][vc_empty_space][vc_row_inner row_type=&#8221;row&#8221; type=&#8221;full_width&#8221; text_align=&#8221;left&#8221; css_animation=&#8221;&#8221;][vc_column_inner]<a  itemprop=\"url\" href=\"https:\/\/outlook.office365.com\/owa\/calendar\/SocitdupatrimoinedesBeaucerons1@spbbeauce.ca\/bookings\/\" target=\"_self\"  class=\"qbutton  default\" style=\"\">Book an appointment online<i class=\"qode_icon_font_awesome fa fa-archive qode_button_icon_element\" style=\"color: #ffffff\"><\/i><\/a>[vc_empty_space][vc_column_text]Our team will be happy to assist you with your research. Please submit your requests and questions via email at <a href=\"mailto:archives@spbbeauce.ca\"><strong>archives@spbbeauce.ca<\/strong><\/a> or at <strong>418 397-6379<\/strong>.[\/vc_column_text][vc_empty_space][vc_column_text]For directions on how to get to our offices, <a href=\"https:\/\/spbbeauce.ca\/en\/plan-a-visit\/\"><strong>click here<\/strong><\/a>.[\/vc_column_text][\/vc_column_inner][\/vc_row_inner][\/vc_column][vc_column width=&#8221;1\/2&#8243; css=&#8221;.vc_custom_1590727170416{background-color: #eff4ee !important;}&#8221;][\/vc_column][\/vc_row][vc_row css_animation=&#8221;&#8221; row_type=&#8221;row&#8221; use_row_as_full_screen_section=&#8221;no&#8221; type=&#8221;full_width&#8221; angled_section=&#8221;no&#8221; text_align=&#8221;left&#8221; background_image_as_pattern=&#8221;without_pattern&#8221;][vc_column][vc_empty_space height=&#8221;62px&#8221;][\/vc_column][\/vc_row][vc_row css_animation=&#8221;&#8221; row_type=&#8221;row&#8221; use_row_as_full_screen_section=&#8221;no&#8221; type=&#8221;full_width&#8221; angled_section=&#8221;no&#8221; text_align=&#8221;left&#8221; background_image_as_pattern=&#8221;without_pattern&#8221;][vc_column]<div class='google_map_shortcode_holder' style='height:550px;'><div class='qode_google_map' style='height:550px;' id='map_canvas_58165' data-addresses='[\"Soci\u00e9t\u00e9 du Patrimoine des Beaucerons 139, rue Sainte-Christine Saint-Joseph-de-Beauce (Qu\u00e9bec) G0S 2V0\"]' data-custom-map-style='false' data-color-overlay='#393939' data-saturation='-100' data-lightness='-60' data-zoom='16' data-pin='https:\/\/i0.wp.com\/spbbeauce.ca\/wp-content\/uploads\/2020\/05\/imagefiles_location_map_pin_dark_green6.png?fit=41%2C55&#038;ssl=1' data-unique-id='58165' data-google-maps-scroll-wheel='false' data-snazzy-map-style='yes' data-map-height='550'><\/div><input type=\"hidden\" class=\"qode-snazzy-map\" value=\"`{`\n{\n``featureType``: ``all``,\n``elementType``: ``all``,\n``stylers``: `{`\n{\n``hue``: ``#1a381c``\n}\n`}`\n},\n{\n``featureType``: ``poi``,\n``elementType``: ``all``,\n``stylers``: `{`\n{\n``visibility``: ``off``\n}\n`}`\n},\n{\n``featureType``: ``road``,\n``elementType``: ``all``,\n``stylers``: `{`\n{\n``saturation``: -70\n}\n`}`\n},\n{\n``featureType``: ``transit``,\n``elementType``: ``all``,\n``stylers``: `{`\n{\n``visibility``: ``off``\n}\n`}`\n},\n{\n``featureType``: ``water``,\n``elementType``: ``all``,\n``stylers``: `{`\n{\n``visibility``: ``simplified``\n},\n{\n``saturation``: -80\n}\n`}`\n}\n`}`\" \/><div class='google_map_shortcode_overlay'><\/div><\/div>[\/vc_column][\/vc_row]<\/p>\n<\/div>","protected":false},"excerpt":{"rendered":"<p>[vc_row css_animation=&#8221;&#8221; row_type=&#8221;row&#8221; use_row_as_full_screen_section=&#8221;no&#8221; type=&#8221;grid&#8221; angled_section=&#8221;no&#8221; text_align=&#8221;left&#8221; background_image_as_pattern=&#8221;without_pattern&#8221; z_index=&#8221;&#8221;][vc_column width=&#8221;1\/2&#8243; css=&#8221;.vc_custom_1590728797137{padding-top: 50px !important;}&#8221;][vc_column_text css=&#8221;.vc_custom_1606774497329{padding-bottom: 10px !important;}&#8221;]139, rue Sainte-Christine Saint-Joseph-de-Beauce (Qu\u00e9bec) G0S 2V0 Phone : 418 397-6379 Email : archives@spbbeauce.ca[\/vc_column_text][vc_column_text]Monday : CLOSED Tuesday : 8:30 AM to 4:00 PM Wednesday : 8:30 AM to 4:00 PM&#8230;<\/p>\n","protected":false},"author":1,"featured_media":0,"parent":0,"menu_order":5,"comment_status":"closed","ping_status":"closed","template":"full_width.php","meta":{"footnotes":""},"class_list":["post-1000","page","type-page","status-publish","hentry"],"yoast_head":"<!-- This site is optimized with the Yoast SEO plugin v27.4 - https:\/\/yoast.com\/product\/yoast-seo-wordpress\/ -->\n<title>Contact - Soci\u00e9t\u00e9 du patrimoine des Beaucerons<\/title>\n<meta name=\"robots\" content=\"index, follow, max-snippet:-1, max-image-preview:large, max-video-preview:-1\" \/>\n<link rel=\"canonical\" href=\"https:\/\/spbbeauce.ca\/en\/contact\/\" \/>\n<meta property=\"og:locale\" content=\"en_US\" \/>\n<meta property=\"og:type\" content=\"article\" \/>\n<meta property=\"og:title\" content=\"Contact - Soci\u00e9t\u00e9 du patrimoine des Beaucerons\" \/>\n<meta property=\"og:description\" content=\"[vc_row css_animation=&#8221;&#8221; row_type=&#8221;row&#8221; use_row_as_full_screen_section=&#8221;no&#8221; type=&#8221;grid&#8221; angled_section=&#8221;no&#8221; text_align=&#8221;left&#8221; background_image_as_pattern=&#8221;without_pattern&#8221; z_index=&#8221;&#8221;][vc_column width=&#8221;1\/2&#8243; css=&#8221;.vc_custom_1590728797137{padding-top: 50px !important;}&#8221;][vc_column_text css=&#8221;.vc_custom_1606774497329{padding-bottom: 10px !important;}&#8221;]139, rue Sainte-Christine Saint-Joseph-de-Beauce (Qu\u00e9bec) G0S 2V0 Phone : 418 397-6379 Email : archives@spbbeauce.ca[\/vc_column_text][vc_column_text]Monday : CLOSED Tuesday : 8:30 AM to 4:00 PM Wednesday : 8:30 AM to 4:00 PM...\" \/>\n<meta property=\"og:url\" content=\"https:\/\/spbbeauce.ca\/en\/contact\/\" \/>\n<meta property=\"og:site_name\" content=\"Soci\u00e9t\u00e9 du patrimoine des Beaucerons\" \/>\n<meta property=\"article:modified_time\" content=\"2025-11-18T20:14:59+00:00\" \/>\n<meta name=\"twitter:card\" content=\"summary_large_image\" \/>\n<meta name=\"twitter:label1\" content=\"Est. reading time\" \/>\n\t<meta name=\"twitter:data1\" content=\"2 minutes\" \/>\n<script type=\"application\/ld+json\" class=\"yoast-schema-graph\">{\"@context\":\"https:\\\/\\\/schema.org\",\"@graph\":[{\"@type\":\"WebPage\",\"@id\":\"https:\\\/\\\/spbbeauce.ca\\\/en\\\/contact\\\/\",\"url\":\"https:\\\/\\\/spbbeauce.ca\\\/en\\\/contact\\\/\",\"name\":\"Contact - Soci\u00e9t\u00e9 du patrimoine des Beaucerons\",\"isPartOf\":{\"@id\":\"https:\\\/\\\/spbbeauce.ca\\\/en\\\/#website\"},\"datePublished\":\"2020-05-25T05:07:20+00:00\",\"dateModified\":\"2025-11-18T20:14:59+00:00\",\"breadcrumb\":{\"@id\":\"https:\\\/\\\/spbbeauce.ca\\\/en\\\/contact\\\/#breadcrumb\"},\"inLanguage\":\"en-US\",\"potentialAction\":[{\"@type\":\"ReadAction\",\"target\":[\"https:\\\/\\\/spbbeauce.ca\\\/en\\\/contact\\\/\"]}]},{\"@type\":\"BreadcrumbList\",\"@id\":\"https:\\\/\\\/spbbeauce.ca\\\/en\\\/contact\\\/#breadcrumb\",\"itemListElement\":[{\"@type\":\"ListItem\",\"position\":1,\"name\":\"Accueil\",\"item\":\"https:\\\/\\\/spbbeauce.ca\\\/en\\\/\"},{\"@type\":\"ListItem\",\"position\":2,\"name\":\"Contact\"}]},{\"@type\":\"WebSite\",\"@id\":\"https:\\\/\\\/spbbeauce.ca\\\/en\\\/#website\",\"url\":\"https:\\\/\\\/spbbeauce.ca\\\/en\\\/\",\"name\":\"Soci\u00e9t\u00e9 du patrimoine des Beaucerons\",\"description\":\"\",\"potentialAction\":[{\"@type\":\"SearchAction\",\"target\":{\"@type\":\"EntryPoint\",\"urlTemplate\":\"https:\\\/\\\/spbbeauce.ca\\\/en\\\/?s={search_term_string}\"},\"query-input\":{\"@type\":\"PropertyValueSpecification\",\"valueRequired\":true,\"valueName\":\"search_term_string\"}}],\"inLanguage\":\"en-US\"}]}<\/script>\n<!-- \/ Yoast SEO plugin. -->","yoast_head_json":{"title":"Contact - Soci\u00e9t\u00e9 du patrimoine des Beaucerons","robots":{"index":"index","follow":"follow","max-snippet":"max-snippet:-1","max-image-preview":"max-image-preview:large","max-video-preview":"max-video-preview:-1"},"canonical":"https:\/\/spbbeauce.ca\/en\/contact\/","og_locale":"en_US","og_type":"article","og_title":"Contact - Soci\u00e9t\u00e9 du patrimoine des Beaucerons","og_description":"[vc_row css_animation=&#8221;&#8221; row_type=&#8221;row&#8221; use_row_as_full_screen_section=&#8221;no&#8221; type=&#8221;grid&#8221; angled_section=&#8221;no&#8221; text_align=&#8221;left&#8221; background_image_as_pattern=&#8221;without_pattern&#8221; z_index=&#8221;&#8221;][vc_column width=&#8221;1\/2&#8243; css=&#8221;.vc_custom_1590728797137{padding-top: 50px !important;}&#8221;][vc_column_text css=&#8221;.vc_custom_1606774497329{padding-bottom: 10px !important;}&#8221;]139, rue Sainte-Christine Saint-Joseph-de-Beauce (Qu\u00e9bec) G0S 2V0 Phone : 418 397-6379 Email : archives@spbbeauce.ca[\/vc_column_text][vc_column_text]Monday : CLOSED Tuesday : 8:30 AM to 4:00 PM Wednesday : 8:30 AM to 4:00 PM...","og_url":"https:\/\/spbbeauce.ca\/en\/contact\/","og_site_name":"Soci\u00e9t\u00e9 du patrimoine des Beaucerons","article_modified_time":"2025-11-18T20:14:59+00:00","twitter_card":"summary_large_image","twitter_misc":{"Est. reading time":"2 minutes"},"schema":{"@context":"https:\/\/schema.org","@graph":[{"@type":"WebPage","@id":"https:\/\/spbbeauce.ca\/en\/contact\/","url":"https:\/\/spbbeauce.ca\/en\/contact\/","name":"Contact - Soci\u00e9t\u00e9 du patrimoine des Beaucerons","isPartOf":{"@id":"https:\/\/spbbeauce.ca\/en\/#website"},"datePublished":"2020-05-25T05:07:20+00:00","dateModified":"2025-11-18T20:14:59+00:00","breadcrumb":{"@id":"https:\/\/spbbeauce.ca\/en\/contact\/#breadcrumb"},"inLanguage":"en-US","potentialAction":[{"@type":"ReadAction","target":["https:\/\/spbbeauce.ca\/en\/contact\/"]}]},{"@type":"BreadcrumbList","@id":"https:\/\/spbbeauce.ca\/en\/contact\/#breadcrumb","itemListElement":[{"@type":"ListItem","position":1,"name":"Accueil","item":"https:\/\/spbbeauce.ca\/en\/"},{"@type":"ListItem","position":2,"name":"Contact"}]},{"@type":"WebSite","@id":"https:\/\/spbbeauce.ca\/en\/#website","url":"https:\/\/spbbeauce.ca\/en\/","name":"Soci\u00e9t\u00e9 du patrimoine des Beaucerons","description":"","potentialAction":[{"@type":"SearchAction","target":{"@type":"EntryPoint","urlTemplate":"https:\/\/spbbeauce.ca\/en\/?s={search_term_string}"},"query-input":{"@type":"PropertyValueSpecification","valueRequired":true,"valueName":"search_term_string"}}],"inLanguage":"en-US"}]}},"jetpack_sharing_enabled":true,"_links":{"self":[{"href":"https:\/\/spbbeauce.ca\/en\/wp-json\/wp\/v2\/pages\/1000","targetHints":{"allow":["GET"]}}],"collection":[{"href":"https:\/\/spbbeauce.ca\/en\/wp-json\/wp\/v2\/pages"}],"about":[{"href":"https:\/\/spbbeauce.ca\/en\/wp-json\/wp\/v2\/types\/page"}],"author":[{"embeddable":true,"href":"https:\/\/spbbeauce.ca\/en\/wp-json\/wp\/v2\/users\/1"}],"replies":[{"embeddable":true,"href":"https:\/\/spbbeauce.ca\/en\/wp-json\/wp\/v2\/comments?post=1000"}],"version-history":[{"count":9,"href":"https:\/\/spbbeauce.ca\/en\/wp-json\/wp\/v2\/pages\/1000\/revisions"}],"predecessor-version":[{"id":3503,"href":"https:\/\/spbbeauce.ca\/en\/wp-json\/wp\/v2\/pages\/1000\/revisions\/3503"}],"wp:attachment":[{"href":"https:\/\/spbbeauce.ca\/en\/wp-json\/wp\/v2\/media?parent=1000"}],"curies":[{"name":"wp","href":"https:\/\/api.w.org\/{rel}","templated":true}]}}